{"id":30,"date":"2024-09-20T11:50:15","date_gmt":"2024-09-20T11:50:15","guid":{"rendered":"https:\/\/carpinteriaartetxe.rkinformatika.online\/?page_id=30"},"modified":"2025-02-21T15:27:10","modified_gmt":"2025-02-21T15:27:10","slug":"servicios","status":"publish","type":"page","link":"https:\/\/autogarajesmikel.com\/eu\/servicios\/","title":{"rendered":"Zerbitzuak"},"content":{"rendered":"<div data-elementor-type=\"wp-page\" data-elementor-id=\"30\" class=\"elementor elementor-30\" data-elementor-post-type=\"page\">\n\t\t\t\t<div class=\"elementor-element elementor-element-39611cd e-con-full e-flex e-con e-parent\" data-id=\"39611cd\" data-element_type=\"container\" data-e-type=\"container\" data-settings=\"{&quot;background_background&quot;:&quot;classic&quot;}\">\n\t\t<div class=\"elementor-element elementor-element-2d29910 e-con-full e-flex e-con e-child\" data-id=\"2d29910\" data-element_type=\"container\" data-e-type=\"container\">\n\t\t\t\t<div class=\"elementor-element elementor-element-bb27c75 elementor-widget elementor-widget-heading\" data-id=\"bb27c75\" data-element_type=\"widget\" data-e-type=\"widget\" data-widget_type=\"heading.default\">\n\t\t\t\t<div class=\"elementor-widget-container\">\n\t\t\t\t\t<h2 class=\"elementor-heading-title elementor-size-default\">Zerbitzuak<\/h2>\t\t\t\t<\/div>\n\t\t\t\t<\/div>\n\t\t\t\t<\/div>\n\t\t\t\t<\/div>\n\t\t<div class=\"elementor-element elementor-element-3d61430 e-flex e-con-boxed e-con e-parent\" data-id=\"3d61430\" data-element_type=\"container\" data-e-type=\"container\">\n\t\t\t\t\t<div class=\"e-con-inner\">\n\t\t<div class=\"elementor-element elementor-element-f3ca0d9 e-con-full e-flex e-con e-child\" data-id=\"f3ca0d9\" data-element_type=\"container\" data-e-type=\"container\" data-settings=\"{&quot;background_background&quot;:&quot;classic&quot;}\">\n\t\t<div class=\"elementor-element elementor-element-3497d70 e-con-full e-flex e-con e-child\" data-id=\"3497d70\" data-element_type=\"container\" data-e-type=\"container\">\n\t\t\t\t<div class=\"elementor-element elementor-element-e5fc603 elementor-widget elementor-widget-heading\" data-id=\"e5fc603\" data-element_type=\"widget\" data-e-type=\"widget\" data-widget_type=\"heading.default\">\n\t\t\t\t<div class=\"elementor-widget-container\">\n\t\t\t\t\t<h2 class=\"elementor-heading-title elementor-size-default\">Revisi\u00f3n y mantenimiento integral<\/h2>\t\t\t\t<\/div>\n\t\t\t\t<\/div>\n\t\t\t\t<\/div>\n\t\t<div class=\"elementor-element elementor-element-bfb2866 e-con-full e-flex e-con e-child\" data-id=\"bfb2866\" data-element_type=\"container\" data-e-type=\"container\">\n\t\t\t\t<div class=\"elementor-element elementor-element-49e4330 elementor-widget elementor-widget-text-editor\" data-id=\"49e4330\" data-element_type=\"widget\" data-e-type=\"widget\" data-widget_type=\"text-editor.default\">\n\t\t\t\t<div class=\"elementor-widget-container\">\n\t\t\t\t\t\t\t\t\t<ul><li data-start=\"108\" data-end=\"213\">Realizamos cambios de aceite, filtros y l\u00edquidos esenciales para el buen funcionamiento del veh\u00edculo.<\/li><li data-start=\"217\" data-end=\"283\">Revisamos y ajustamos los frenos para garantizar la seguridad.<\/li><li data-start=\"287\" data-end=\"410\">Llevamos a cabo revisiones peri\u00f3dicas generales para detectar posibles problemas antes de que se conviertan en aver\u00edas.<\/li><\/ul>\t\t\t\t\t\t\t\t<\/div>\n\t\t\t\t<\/div>\n\t\t\t\t<\/div>\n\t\t\t\t<\/div>\n\t\t<div class=\"elementor-element elementor-element-825bbf2 e-con-full e-flex e-con e-child\" data-id=\"825bbf2\" data-element_type=\"container\" data-e-type=\"container\" data-settings=\"{&quot;background_background&quot;:&quot;classic&quot;}\">\n\t\t<div class=\"elementor-element elementor-element-1d6ccfa e-con-full e-flex e-con e-child\" data-id=\"1d6ccfa\" data-element_type=\"container\" data-e-type=\"container\">\n\t\t\t\t<div class=\"elementor-element elementor-element-5270119 elementor-widget elementor-widget-heading\" data-id=\"5270119\" data-element_type=\"widget\" data-e-type=\"widget\" data-widget_type=\"heading.default\">\n\t\t\t\t<div class=\"elementor-widget-container\">\n\t\t\t\t\t<h2 class=\"elementor-heading-title elementor-size-default\">Diagn\u00f3stico y reparaci\u00f3n mec\u00e1nica<\/h2>\t\t\t\t<\/div>\n\t\t\t\t<\/div>\n\t\t\t\t<\/div>\n\t\t<div class=\"elementor-element elementor-element-a542e7d e-con-full e-flex e-con e-child\" data-id=\"a542e7d\" data-element_type=\"container\" data-e-type=\"container\">\n\t\t\t\t<div class=\"elementor-element elementor-element-c9475e7 elementor-widget elementor-widget-text-editor\" data-id=\"c9475e7\" data-element_type=\"widget\" data-e-type=\"widget\" data-widget_type=\"text-editor.default\">\n\t\t\t\t<div class=\"elementor-widget-container\">\n\t\t\t\t\t\t\t\t\t<ul><li data-start=\"458\" data-end=\"561\">Identificamos y solucionamos cualquier aver\u00eda en el motor, garantizando su correcto funcionamiento.<\/li><li data-start=\"565\" data-end=\"678\">Diagnosticamos y reparamos fallos en los sistemas el\u00e9ctricos y electr\u00f3nicos con equipos de \u00faltima tecnolog\u00eda.<\/li><\/ul>\t\t\t\t\t\t\t\t<\/div>\n\t\t\t\t<\/div>\n\t\t\t\t<\/div>\n\t\t\t\t<\/div>\n\t\t\t\t\t<\/div>\n\t\t\t\t<\/div>\n\t\t<div class=\"elementor-element elementor-element-6f8be40 e-flex e-con-boxed e-con e-parent\" data-id=\"6f8be40\" data-element_type=\"container\" data-e-type=\"container\">\n\t\t\t\t\t<div class=\"e-con-inner\">\n\t\t<div class=\"elementor-element elementor-element-114e13b e-con-full e-flex e-con e-child\" data-id=\"114e13b\" data-element_type=\"container\" data-e-type=\"container\" data-settings=\"{&quot;background_background&quot;:&quot;classic&quot;}\">\n\t\t<div class=\"elementor-element elementor-element-b309619 e-con-full e-flex e-con e-child\" data-id=\"b309619\" data-element_type=\"container\" data-e-type=\"container\">\n\t\t\t\t<div class=\"elementor-element elementor-element-5aeab3f elementor-widget elementor-widget-heading\" data-id=\"5aeab3f\" data-element_type=\"widget\" data-e-type=\"widget\" data-widget_type=\"heading.default\">\n\t\t\t\t<div class=\"elementor-widget-container\">\n\t\t\t\t\t<h2 class=\"elementor-heading-title elementor-size-default\">Neum\u00e1ticos y alineaci\u00f3n<\/h2>\t\t\t\t<\/div>\n\t\t\t\t<\/div>\n\t\t\t\t<\/div>\n\t\t<div class=\"elementor-element elementor-element-ec442a0 e-con-full e-flex e-con e-child\" data-id=\"ec442a0\" data-element_type=\"container\" data-e-type=\"container\">\n\t\t\t\t<div class=\"elementor-element elementor-element-bd5ffe1 elementor-widget elementor-widget-text-editor\" data-id=\"bd5ffe1\" data-element_type=\"widget\" data-e-type=\"widget\" data-widget_type=\"text-editor.default\">\n\t\t\t\t<div class=\"elementor-widget-container\">\n\t\t\t\t\t\t\t\t\t<ul><li data-start=\"716\" data-end=\"811\">Vendemos e instalamos una amplia gama de neum\u00e1ticos de calidad para todo tipo de veh\u00edculos.<\/li><li data-start=\"815\" data-end=\"938\">Ofrecemos equilibrado de ruedas y alineaci\u00f3n para evitar desgastes irregulares y mejorar la seguridad en la conducci\u00f3n.<\/li><\/ul>\t\t\t\t\t\t\t\t<\/div>\n\t\t\t\t<\/div>\n\t\t\t\t<\/div>\n\t\t\t\t<\/div>\n\t\t<div class=\"elementor-element elementor-element-2c4edcf e-con-full e-flex e-con e-child\" data-id=\"2c4edcf\" data-element_type=\"container\" data-e-type=\"container\" data-settings=\"{&quot;background_background&quot;:&quot;classic&quot;}\">\n\t\t<div class=\"elementor-element elementor-element-d68ff68 e-con-full e-flex e-con e-child\" data-id=\"d68ff68\" data-element_type=\"container\" data-e-type=\"container\">\n\t\t\t\t<div class=\"elementor-element elementor-element-43211d7 elementor-widget elementor-widget-heading\" data-id=\"43211d7\" data-element_type=\"widget\" data-e-type=\"widget\" data-widget_type=\"heading.default\">\n\t\t\t\t<div class=\"elementor-widget-container\">\n\t\t\t\t\t<h2 class=\"elementor-heading-title elementor-size-default\">Chapa y pintura<\/h2>\t\t\t\t<\/div>\n\t\t\t\t<\/div>\n\t\t\t\t<\/div>\n\t\t<div class=\"elementor-element elementor-element-eac8daf e-con-full e-flex e-con e-child\" data-id=\"eac8daf\" data-element_type=\"container\" data-e-type=\"container\">\n\t\t\t\t<div class=\"elementor-element elementor-element-023b295 elementor-widget elementor-widget-text-editor\" data-id=\"023b295\" data-element_type=\"widget\" data-e-type=\"widget\" data-widget_type=\"text-editor.default\">\n\t\t\t\t<div class=\"elementor-widget-container\">\n\t\t\t\t\t\t\t\t\t<ul><li data-start=\"1223\" data-end=\"1320\">Reparaci\u00f3n de golpes y ara\u00f1azos en la carrocer\u00eda para devolver el aspecto original del coche.<\/li><li data-start=\"1324\" data-end=\"1443\">Servicio de pintura integral o parcial con acabados profesionales para proteger y mejorar la est\u00e9tica del veh\u00edculo.<\/li><\/ul>\t\t\t\t\t\t\t\t<\/div>\n\t\t\t\t<\/div>\n\t\t\t\t<\/div>\n\t\t\t\t<\/div>\n\t\t\t\t\t<\/div>\n\t\t\t\t<\/div>\n\t\t<div class=\"elementor-element elementor-element-4685e4f e-flex e-con-boxed e-con e-parent\" data-id=\"4685e4f\" data-element_type=\"container\" data-e-type=\"container\">\n\t\t\t\t\t<div class=\"e-con-inner\">\n\t\t\t\t<div class=\"elementor-element elementor-element-7f3b7dc elementor-cta--skin-classic elementor-animated-content elementor-bg-transform elementor-bg-transform-zoom-in elementor-widget elementor-widget-call-to-action\" data-id=\"7f3b7dc\" data-element_type=\"widget\" data-e-type=\"widget\" data-widget_type=\"call-to-action.default\">\n\t\t\t\t<div class=\"elementor-widget-container\">\n\t\t\t\t\t\t\t<div class=\"elementor-cta\">\n\t\t\t\t\t<div class=\"elementor-cta__bg-wrapper\">\n\t\t\t\t<div class=\"elementor-cta__bg elementor-bg\" style=\"background-image: url(https:\/\/autogarajesmikel.com\/wp-content\/uploads\/2025\/02\/19689-1024x683.jpg);\" role=\"img\" aria-label=\"19689\"><\/div>\n\t\t\t\t<div class=\"elementor-cta__bg-overlay\"><\/div>\n\t\t\t<\/div>\n\t\t\t\t\t\t\t<div class=\"elementor-cta__content\">\n\t\t\t\t\n\t\t\t\t\t\t\t\t\t<h2 class=\"elementor-cta__title elementor-cta__content-item elementor-content-item\">\n\t\t\t\t\t\t\u00a1Creemos en la transparencia y la confianza!\t\t\t\t\t<\/h2>\n\t\t\t\t\n\t\t\t\t\t\t\t\t\t<div class=\"elementor-cta__description elementor-cta__content-item elementor-content-item\">\n\t\t\t\t\t\tCont\u00e1ctanos para obtener un servicio profesional.\t\t\t\t\t<\/div>\n\t\t\t\t\n\t\t\t\t\t\t\t\t\t<div class=\"elementor-cta__button-wrapper elementor-cta__content-item elementor-content-item\">\n\t\t\t\t\t<a class=\"elementor-cta__button elementor-button elementor-size-\" href=\"https:\/\/autogarajesmikel.com\/eu\/contacto\/\">\n\t\t\t\t\t\tContactar\t\t\t\t\t<\/a>\n\t\t\t\t\t<\/div>\n\t\t\t\t\t\t\t<\/div>\n\t\t\t\t\t\t<\/div>\n\t\t\t\t\t\t<\/div>\n\t\t\t\t<\/div>\n\t\t\t\t\t<\/div>\n\t\t\t\t<\/div>\n\t\t\t\t<\/div>","protected":false},"excerpt":{"rendered":"<p>Servicios Revisi\u00f3n y mantenimiento integral Realizamos cambios de aceite, filtros y l\u00edquidos esenciales para el buen funcionamiento del veh\u00edculo. Revisamos y ajustamos los frenos para garantizar la seguridad. Llevamos a cabo revisiones peri\u00f3dicas generales para detectar posibles problemas antes de que se conviertan en aver\u00edas. Diagn\u00f3stico y reparaci\u00f3n mec\u00e1nica Identificamos y solucionamos cualquier aver\u00eda en [&hellip;]<\/p>\n","protected":false},"author":4,"featured_media":0,"parent":0,"menu_order":0,"comment_status":"closed","ping_status":"closed","template":"","meta":{"footnotes":""},"class_list":["post-30","page","type-page","status-publish","hentry"],"yoast_head":"<!-- This site is optimized with the Yoast SEO plugin v27.4 - https:\/\/yoast.com\/product\/yoast-seo-wordpress\/ -->\n<title>Servicios - Autogarajes Mikel S.L.<\/title>\n<meta name=\"robots\" content=\"index, follow, max-snippet:-1, max-image-preview:large, max-video-preview:-1\" \/>\n<link rel=\"canonical\" href=\"https:\/\/autogarajesmikel.com\/eu\/servicios\/\" \/>\n<meta property=\"og:locale\" content=\"en_US\" \/>\n<meta property=\"og:type\" content=\"article\" \/>\n<meta property=\"og:title\" content=\"Servicios - Autogarajes Mikel S.L.\" \/>\n<meta property=\"og:description\" content=\"Servicios Revisi\u00f3n y mantenimiento integral Realizamos cambios de aceite, filtros y l\u00edquidos esenciales para el buen funcionamiento del veh\u00edculo. Revisamos y ajustamos los frenos para garantizar la seguridad. Llevamos a cabo revisiones peri\u00f3dicas generales para detectar posibles problemas antes de que se conviertan en aver\u00edas. Diagn\u00f3stico y reparaci\u00f3n mec\u00e1nica Identificamos y solucionamos cualquier aver\u00eda en [&hellip;]\" \/>\n<meta property=\"og:url\" content=\"https:\/\/autogarajesmikel.com\/eu\/servicios\/\" \/>\n<meta property=\"og:site_name\" content=\"Autogarajes Mikel S.L.\" \/>\n<meta property=\"article:modified_time\" content=\"2025-02-21T15:27:10+00:00\" \/>\n<meta name=\"twitter:card\" content=\"summary_large_image\" \/>\n<meta name=\"twitter:label1\" content=\"Est. reading time\" \/>\n\t<meta name=\"twitter:data1\" content=\"1 minutua\" \/>\n<script type=\"application\/ld+json\" class=\"yoast-schema-graph\">{\"@context\":\"https:\\\/\\\/schema.org\",\"@graph\":[{\"@type\":\"WebPage\",\"@id\":\"https:\\\/\\\/autogarajesmikel.com\\\/servicios\\\/\",\"url\":\"https:\\\/\\\/autogarajesmikel.com\\\/servicios\\\/\",\"name\":\"Servicios - Autogarajes Mikel S.L.\",\"isPartOf\":{\"@id\":\"https:\\\/\\\/autogarajesmikel.com\\\/#website\"},\"datePublished\":\"2024-09-20T11:50:15+00:00\",\"dateModified\":\"2025-02-21T15:27:10+00:00\",\"breadcrumb\":{\"@id\":\"https:\\\/\\\/autogarajesmikel.com\\\/servicios\\\/#breadcrumb\"},\"inLanguage\":\"eu\",\"potentialAction\":[{\"@type\":\"ReadAction\",\"target\":[\"https:\\\/\\\/autogarajesmikel.com\\\/servicios\\\/\"]}]},{\"@type\":\"BreadcrumbList\",\"@id\":\"https:\\\/\\\/autogarajesmikel.com\\\/servicios\\\/#breadcrumb\",\"itemListElement\":[{\"@type\":\"ListItem\",\"position\":1,\"name\":\"Portada\",\"item\":\"https:\\\/\\\/autogarajesmikel.com\\\/\"},{\"@type\":\"ListItem\",\"position\":2,\"name\":\"Servicios\"}]},{\"@type\":\"WebSite\",\"@id\":\"https:\\\/\\\/autogarajesmikel.com\\\/#website\",\"url\":\"https:\\\/\\\/autogarajesmikel.com\\\/\",\"name\":\"Autogarajes Mikel S.L.\",\"description\":\"REPARACION MECANICA Y SUSTITUCION DE NEUMATICOS\",\"publisher\":{\"@id\":\"https:\\\/\\\/autogarajesmikel.com\\\/#organization\"},\"potentialAction\":[{\"@type\":\"SearchAction\",\"target\":{\"@type\":\"EntryPoint\",\"urlTemplate\":\"https:\\\/\\\/autogarajesmikel.com\\\/?s={search_term_string}\"},\"query-input\":{\"@type\":\"PropertyValueSpecification\",\"valueRequired\":true,\"valueName\":\"search_term_string\"}}],\"inLanguage\":\"eu\"},{\"@type\":\"Organization\",\"@id\":\"https:\\\/\\\/autogarajesmikel.com\\\/#organization\",\"name\":\"Autogarajes Mikel S.L.\",\"url\":\"https:\\\/\\\/autogarajesmikel.com\\\/\",\"logo\":{\"@type\":\"ImageObject\",\"inLanguage\":\"eu\",\"@id\":\"https:\\\/\\\/autogarajesmikel.com\\\/#\\\/schema\\\/logo\\\/image\\\/\",\"url\":\"https:\\\/\\\/autogarajesmikel.com\\\/wp-content\\\/uploads\\\/2025\\\/02\\\/cropped-Design-sem-nome.png\",\"contentUrl\":\"https:\\\/\\\/autogarajesmikel.com\\\/wp-content\\\/uploads\\\/2025\\\/02\\\/cropped-Design-sem-nome.png\",\"width\":500,\"height\":211,\"caption\":\"Autogarajes Mikel S.L.\"},\"image\":{\"@id\":\"https:\\\/\\\/autogarajesmikel.com\\\/#\\\/schema\\\/logo\\\/image\\\/\"}}]}<\/script>\n<!-- \/ Yoast SEO plugin. -->","yoast_head_json":{"title":"Servicios - Autogarajes Mikel S.L.","robots":{"index":"index","follow":"follow","max-snippet":"max-snippet:-1","max-image-preview":"max-image-preview:large","max-video-preview":"max-video-preview:-1"},"canonical":"https:\/\/autogarajesmikel.com\/eu\/servicios\/","og_locale":"en_US","og_type":"article","og_title":"Servicios - Autogarajes Mikel S.L.","og_description":"Servicios Revisi\u00f3n y mantenimiento integral Realizamos cambios de aceite, filtros y l\u00edquidos esenciales para el buen funcionamiento del veh\u00edculo. Revisamos y ajustamos los frenos para garantizar la seguridad. Llevamos a cabo revisiones peri\u00f3dicas generales para detectar posibles problemas antes de que se conviertan en aver\u00edas. Diagn\u00f3stico y reparaci\u00f3n mec\u00e1nica Identificamos y solucionamos cualquier aver\u00eda en [&hellip;]","og_url":"https:\/\/autogarajesmikel.com\/eu\/servicios\/","og_site_name":"Autogarajes Mikel S.L.","article_modified_time":"2025-02-21T15:27:10+00:00","twitter_card":"summary_large_image","twitter_misc":{"Est. reading time":"1 minutua"},"schema":{"@context":"https:\/\/schema.org","@graph":[{"@type":"WebPage","@id":"https:\/\/autogarajesmikel.com\/servicios\/","url":"https:\/\/autogarajesmikel.com\/servicios\/","name":"Servicios - Autogarajes Mikel S.L.","isPartOf":{"@id":"https:\/\/autogarajesmikel.com\/#website"},"datePublished":"2024-09-20T11:50:15+00:00","dateModified":"2025-02-21T15:27:10+00:00","breadcrumb":{"@id":"https:\/\/autogarajesmikel.com\/servicios\/#breadcrumb"},"inLanguage":"eu","potentialAction":[{"@type":"ReadAction","target":["https:\/\/autogarajesmikel.com\/servicios\/"]}]},{"@type":"BreadcrumbList","@id":"https:\/\/autogarajesmikel.com\/servicios\/#breadcrumb","itemListElement":[{"@type":"ListItem","position":1,"name":"Portada","item":"https:\/\/autogarajesmikel.com\/"},{"@type":"ListItem","position":2,"name":"Servicios"}]},{"@type":"WebSite","@id":"https:\/\/autogarajesmikel.com\/#website","url":"https:\/\/autogarajesmikel.com\/","name":"Autogarajes Mikel S.L.","description":"REPARACION MECANICA Y SUSTITUCION DE NEUMATICOS","publisher":{"@id":"https:\/\/autogarajesmikel.com\/#organization"},"potentialAction":[{"@type":"SearchAction","target":{"@type":"EntryPoint","urlTemplate":"https:\/\/autogarajesmikel.com\/?s={search_term_string}"},"query-input":{"@type":"PropertyValueSpecification","valueRequired":true,"valueName":"search_term_string"}}],"inLanguage":"eu"},{"@type":"Organization","@id":"https:\/\/autogarajesmikel.com\/#organization","name":"Autogarajes Mikel S.L.","url":"https:\/\/autogarajesmikel.com\/","logo":{"@type":"ImageObject","inLanguage":"eu","@id":"https:\/\/autogarajesmikel.com\/#\/schema\/logo\/image\/","url":"https:\/\/autogarajesmikel.com\/wp-content\/uploads\/2025\/02\/cropped-Design-sem-nome.png","contentUrl":"https:\/\/autogarajesmikel.com\/wp-content\/uploads\/2025\/02\/cropped-Design-sem-nome.png","width":500,"height":211,"caption":"Autogarajes Mikel S.L."},"image":{"@id":"https:\/\/autogarajesmikel.com\/#\/schema\/logo\/image\/"}}]}},"_links":{"self":[{"href":"https:\/\/autogarajesmikel.com\/eu\/wp-json\/wp\/v2\/pages\/30","targetHints":{"allow":["GET"]}}],"collection":[{"href":"https:\/\/autogarajesmikel.com\/eu\/wp-json\/wp\/v2\/pages"}],"about":[{"href":"https:\/\/autogarajesmikel.com\/eu\/wp-json\/wp\/v2\/types\/page"}],"author":[{"embeddable":true,"href":"https:\/\/autogarajesmikel.com\/eu\/wp-json\/wp\/v2\/users\/4"}],"replies":[{"embeddable":true,"href":"https:\/\/autogarajesmikel.com\/eu\/wp-json\/wp\/v2\/comments?post=30"}],"version-history":[{"count":150,"href":"https:\/\/autogarajesmikel.com\/eu\/wp-json\/wp\/v2\/pages\/30\/revisions"}],"predecessor-version":[{"id":1001,"href":"https:\/\/autogarajesmikel.com\/eu\/wp-json\/wp\/v2\/pages\/30\/revisions\/1001"}],"wp:attachment":[{"href":"https:\/\/autogarajesmikel.com\/eu\/wp-json\/wp\/v2\/media?parent=30"}],"curies":[{"name":"wp","href":"https:\/\/api.w.org\/{rel}","templated":true}]}}