{"id":2,"date":"2024-09-20T11:16:08","date_gmt":"2024-09-20T11:16:08","guid":{"rendered":"https:\/\/carpinteriaartetxe.rkinformatika.online\/?page_id=2"},"modified":"2025-02-24T15:03:51","modified_gmt":"2025-02-24T15:03:51","slug":"inicio","status":"publish","type":"page","link":"https:\/\/autogarajesmikel.com\/eu\/","title":{"rendered":"Hasiera"},"content":{"rendered":"<div data-elementor-type=\"wp-page\" data-elementor-id=\"2\" class=\"elementor elementor-2\" data-elementor-post-type=\"page\">\n\t\t\t\t<div class=\"elementor-element elementor-element-99bfd16 e-con-full e-flex e-con e-parent\" data-id=\"99bfd16\" data-element_type=\"container\" data-e-type=\"container\" data-settings=\"{&quot;background_background&quot;:&quot;classic&quot;}\">\n\t\t<div class=\"elementor-element elementor-element-186c11d e-con-full e-flex e-con e-child\" data-id=\"186c11d\" data-element_type=\"container\" data-e-type=\"container\">\n\t\t\t\t<div class=\"elementor-element elementor-element-a0edae0 elementor-widget elementor-widget-heading\" data-id=\"a0edae0\" data-element_type=\"widget\" data-e-type=\"widget\" data-widget_type=\"heading.default\">\n\t\t\t\t<div class=\"elementor-widget-container\">\n\t\t\t\t\t<h2 class=\"elementor-heading-title elementor-size-default\">Automobil-tailerra<\/h2>\t\t\t\t<\/div>\n\t\t\t\t<\/div>\n\t\t\t\t<\/div>\n\t\t\t\t<\/div>\n\t\t<div class=\"elementor-element elementor-element-86dc876 e-flex e-con-boxed e-con e-parent\" data-id=\"86dc876\" data-element_type=\"container\" data-e-type=\"container\" data-settings=\"{&quot;background_background&quot;:&quot;classic&quot;}\">\n\t\t\t\t\t<div class=\"e-con-inner\">\n\t\t<div class=\"elementor-element elementor-element-7e47aad e-con-full e-flex e-con e-child\" data-id=\"7e47aad\" data-element_type=\"container\" data-e-type=\"container\" data-settings=\"{&quot;background_background&quot;:&quot;classic&quot;}\">\n\t\t<div class=\"elementor-element elementor-element-f30687c e-con-full e-flex e-con e-child\" data-id=\"f30687c\" data-element_type=\"container\" data-e-type=\"container\" data-settings=\"{&quot;background_background&quot;:&quot;classic&quot;}\">\n\t\t\t\t<div class=\"elementor-element elementor-element-52477ae e-transform elementor-widget elementor-widget-counter\" data-id=\"52477ae\" data-element_type=\"widget\" data-e-type=\"widget\" data-settings=\"{&quot;_transform_rotateZ_effect&quot;:{&quot;unit&quot;:&quot;px&quot;,&quot;size&quot;:-16,&quot;sizes&quot;:[]},&quot;_transform_rotateZ_effect_tablet&quot;:{&quot;unit&quot;:&quot;deg&quot;,&quot;size&quot;:&quot;&quot;,&quot;sizes&quot;:[]},&quot;_transform_rotateZ_effect_mobile&quot;:{&quot;unit&quot;:&quot;deg&quot;,&quot;size&quot;:&quot;&quot;,&quot;sizes&quot;:[]}}\" data-widget_type=\"counter.default\">\n\t\t\t\t<div class=\"elementor-widget-container\">\n\t\t\t\t\t\t\t<div class=\"elementor-counter\">\n\t\t\t<div class=\"elementor-counter-title\">Urte<\/div>\t\t\t<div class=\"elementor-counter-number-wrapper\">\n\t\t\t\t<span class=\"elementor-counter-number-prefix\">+<\/span>\n\t\t\t\t<span class=\"elementor-counter-number\" data-duration=\"2000\" data-to-value=\"30\" data-from-value=\"0\">0<\/span>\n\t\t\t\t<span class=\"elementor-counter-number-suffix\"><\/span>\n\t\t\t<\/div>\n\t\t<\/div>\n\t\t\t\t\t\t<\/div>\n\t\t\t\t<\/div>\n\t\t\t\t<\/div>\n\t\t\t\t<\/div>\n\t\t<div class=\"elementor-element elementor-element-e54591e e-con-full e-flex e-con e-child\" data-id=\"e54591e\" data-element_type=\"container\" data-e-type=\"container\">\n\t\t\t\t<div class=\"elementor-element elementor-element-54c724a elementor-widget__width-initial elementor-widget elementor-widget-heading\" data-id=\"54c724a\" data-element_type=\"widget\" data-e-type=\"widget\" data-widget_type=\"heading.default\">\n\t\t\t\t<div class=\"elementor-widget-container\">\n\t\t\t\t\t<h2 class=\"elementor-heading-title elementor-size-default\">Guri Buruz<\/h2>\t\t\t\t<\/div>\n\t\t\t\t<\/div>\n\t\t\t\t<div class=\"elementor-element elementor-element-7278379 elementor-widget elementor-widget-text-editor\" data-id=\"7278379\" data-element_type=\"widget\" data-e-type=\"widget\" data-widget_type=\"text-editor.default\">\n\t\t\t\t<div class=\"elementor-widget-container\">\n\t\t\t\t\t\t\t\t\t<p>Ibilgailuen konponketa mekanikoan eta pneumatikoen ordezkapenean 30 urte baino gehiagoko ibilbidea duen enpresa, gure bezeroak erabat pozik geratzeko helburu argiarekin.<\/p><p data-start=\"1058\" data-end=\"1226\">Berrikuntzarekin eta teknologiarekin dugun konpromisoak aukera ematen digu ekipo modernoak eta metodo aurreratuak erabiltzeko, kalitate handiko emaitza iraunkorrak bermatzeko.<\/p><p data-start=\"1228\" data-end=\"1414\">Autogarajes Mikel SL enpresan, gardentasunean eta konfiantzan sinesten dugu, eta, beraz, gure bezeroekin batera lan egiten dugu, beharrezko konponketa edo mantentze lan bakoitza azalduz.<\/p><p data-start=\"1228\" data-end=\"1414\">Zatoz gu bisitatzera edo jarri gurekin harremanetan zure ibilgailuarentzat konfiantzazko zerbitzu profesional bat lortzeko!<\/p>\t\t\t\t\t\t\t\t<\/div>\n\t\t\t\t<\/div>\n\t\t\t\t<\/div>\n\t\t\t\t\t<\/div>\n\t\t\t\t<\/div>\n\t\t<div class=\"elementor-element elementor-element-fde6120 e-flex e-con-boxed e-con e-parent\" data-id=\"fde6120\" data-element_type=\"container\" data-e-type=\"container\">\n\t\t\t\t\t<div class=\"e-con-inner\">\n\t\t\t\t<div class=\"elementor-element elementor-element-c6fa654 elementor-cta--skin-classic elementor-animated-content elementor-bg-transform elementor-bg-transform-zoom-in elementor-widget elementor-widget-call-to-action\" data-id=\"c6fa654\" data-element_type=\"widget\" data-e-type=\"widget\" data-widget_type=\"call-to-action.default\">\n\t\t\t\t<div class=\"elementor-widget-container\">\n\t\t\t\t\t\t\t<div class=\"elementor-cta\">\n\t\t\t\t\t<div class=\"elementor-cta__bg-wrapper\">\n\t\t\t\t<div class=\"elementor-cta__bg elementor-bg\" style=\"background-image: url(https:\/\/autogarajesmikel.com\/wp-content\/uploads\/2025\/02\/19689-1024x683.jpg);\" role=\"img\" aria-label=\"19689\"><\/div>\n\t\t\t\t<div class=\"elementor-cta__bg-overlay\"><\/div>\n\t\t\t<\/div>\n\t\t\t\t\t\t\t<div class=\"elementor-cta__content\">\n\t\t\t\t\n\t\t\t\t\t\t\t\t\t<h2 class=\"elementor-cta__title elementor-cta__content-item elementor-content-item\">\n\t\t\t\t\t\tIbilbide eta esperientzia zabala\t\t\t\t\t<\/h2>\n\t\t\t\t\n\t\t\t\t\t\t\t\t\t<div class=\"elementor-cta__description elementor-cta__content-item elementor-content-item\">\n\t\t\t\t\t\tBezeroaren gogobetetzeari eta arreta pertsonalizatuari buruzko ikuspegia\t\t\t\t\t<\/div>\n\t\t\t\t\n\t\t\t\t\t\t\t\t\t<div class=\"elementor-cta__button-wrapper elementor-cta__content-item elementor-content-item\">\n\t\t\t\t\t<a class=\"elementor-cta__button elementor-button elementor-size-\" href=\"https:\/\/autogarajesmikel.com\/eu\/servicios\/\">\n\t\t\t\t\t\tZerbitzuak\t\t\t\t\t<\/a>\n\t\t\t\t\t<\/div>\n\t\t\t\t\t\t\t<\/div>\n\t\t\t\t\t\t<\/div>\n\t\t\t\t\t\t<\/div>\n\t\t\t\t<\/div>\n\t\t\t\t\t<\/div>\n\t\t\t\t<\/div>\n\t\t\t\t<\/div>","protected":false},"excerpt":{"rendered":"<p>Taller de Autom\u00f3viles A\u00f1os + 0 Sobre Nosotros Empresa con un recorrido de m\u00e1s de 30 a\u00f1os de dedicaci\u00f3n al mundo de la reparaci\u00f3n mec\u00e1nica de veh\u00edculos y sustituci\u00f3n de neum\u00e1ticos, con un objetivo claro de que nuestros clientes queden totalmente satisfechos. Nuestro compromiso con la innovaci\u00f3n y la tecnolog\u00eda nos permite utilizar equipos modernos [&hellip;]<\/p>\n","protected":false},"author":4,"featured_media":0,"parent":0,"menu_order":0,"comment_status":"closed","ping_status":"closed","template":"","meta":{"footnotes":""},"class_list":["post-2","page","type-page","status-publish","hentry"],"yoast_head":"<!-- This site is optimized with the Yoast SEO plugin v27.4 - https:\/\/yoast.com\/product\/yoast-seo-wordpress\/ -->\n<title>Inicio - Autogarajes Mikel S.L.<\/title>\n<meta name=\"robots\" content=\"index, follow, max-snippet:-1, max-image-preview:large, max-video-preview:-1\" \/>\n<link rel=\"canonical\" href=\"https:\/\/autogarajesmikel.com\/eu\/\" \/>\n<meta property=\"og:locale\" content=\"en_US\" \/>\n<meta property=\"og:type\" content=\"article\" \/>\n<meta property=\"og:title\" content=\"Inicio - Autogarajes Mikel S.L.\" \/>\n<meta property=\"og:description\" content=\"Taller de Autom\u00f3viles A\u00f1os + 0 Sobre Nosotros Empresa con un recorrido de m\u00e1s de 30 a\u00f1os de dedicaci\u00f3n al mundo de la reparaci\u00f3n mec\u00e1nica de veh\u00edculos y sustituci\u00f3n de neum\u00e1ticos, con un objetivo claro de que nuestros clientes queden totalmente satisfechos. Nuestro compromiso con la innovaci\u00f3n y la tecnolog\u00eda nos permite utilizar equipos modernos [&hellip;]\" \/>\n<meta property=\"og:url\" content=\"https:\/\/autogarajesmikel.com\/eu\/\" \/>\n<meta property=\"og:site_name\" content=\"Autogarajes Mikel S.L.\" \/>\n<meta property=\"article:modified_time\" content=\"2025-02-24T15:03:51+00:00\" \/>\n<meta name=\"twitter:card\" content=\"summary_large_image\" \/>\n<meta name=\"twitter:label1\" content=\"Est. reading time\" \/>\n\t<meta name=\"twitter:data1\" content=\"1 minutua\" \/>\n<script type=\"application\/ld+json\" class=\"yoast-schema-graph\">{\"@context\":\"https:\\\/\\\/schema.org\",\"@graph\":[{\"@type\":\"WebPage\",\"@id\":\"https:\\\/\\\/autogarajesmikel.com\\\/\",\"url\":\"https:\\\/\\\/autogarajesmikel.com\\\/\",\"name\":\"Inicio - Autogarajes Mikel S.L.\",\"isPartOf\":{\"@id\":\"https:\\\/\\\/autogarajesmikel.com\\\/#website\"},\"datePublished\":\"2024-09-20T11:16:08+00:00\",\"dateModified\":\"2025-02-24T15:03:51+00:00\",\"breadcrumb\":{\"@id\":\"https:\\\/\\\/autogarajesmikel.com\\\/#breadcrumb\"},\"inLanguage\":\"eu\",\"potentialAction\":[{\"@type\":\"ReadAction\",\"target\":[\"https:\\\/\\\/autogarajesmikel.com\\\/\"]}]},{\"@type\":\"BreadcrumbList\",\"@id\":\"https:\\\/\\\/autogarajesmikel.com\\\/#breadcrumb\",\"itemListElement\":[{\"@type\":\"ListItem\",\"position\":1,\"name\":\"Portada\",\"item\":\"https:\\\/\\\/autogarajesmikel.com\\\/\"},{\"@type\":\"ListItem\",\"position\":2,\"name\":\"Inicio\"}]},{\"@type\":\"WebSite\",\"@id\":\"https:\\\/\\\/autogarajesmikel.com\\\/#website\",\"url\":\"https:\\\/\\\/autogarajesmikel.com\\\/\",\"name\":\"Autogarajes Mikel S.L.\",\"description\":\"REPARACION MECANICA Y SUSTITUCION DE NEUMATICOS\",\"publisher\":{\"@id\":\"https:\\\/\\\/autogarajesmikel.com\\\/#organization\"},\"potentialAction\":[{\"@type\":\"SearchAction\",\"target\":{\"@type\":\"EntryPoint\",\"urlTemplate\":\"https:\\\/\\\/autogarajesmikel.com\\\/?s={search_term_string}\"},\"query-input\":{\"@type\":\"PropertyValueSpecification\",\"valueRequired\":true,\"valueName\":\"search_term_string\"}}],\"inLanguage\":\"eu\"},{\"@type\":\"Organization\",\"@id\":\"https:\\\/\\\/autogarajesmikel.com\\\/#organization\",\"name\":\"Autogarajes Mikel S.L.\",\"url\":\"https:\\\/\\\/autogarajesmikel.com\\\/\",\"logo\":{\"@type\":\"ImageObject\",\"inLanguage\":\"eu\",\"@id\":\"https:\\\/\\\/autogarajesmikel.com\\\/#\\\/schema\\\/logo\\\/image\\\/\",\"url\":\"https:\\\/\\\/autogarajesmikel.com\\\/wp-content\\\/uploads\\\/2025\\\/02\\\/cropped-Design-sem-nome.png\",\"contentUrl\":\"https:\\\/\\\/autogarajesmikel.com\\\/wp-content\\\/uploads\\\/2025\\\/02\\\/cropped-Design-sem-nome.png\",\"width\":500,\"height\":211,\"caption\":\"Autogarajes Mikel S.L.\"},\"image\":{\"@id\":\"https:\\\/\\\/autogarajesmikel.com\\\/#\\\/schema\\\/logo\\\/image\\\/\"}}]}<\/script>\n<!-- \/ Yoast SEO plugin. -->","yoast_head_json":{"title":"Inicio - Autogarajes Mikel S.L.","robots":{"index":"index","follow":"follow","max-snippet":"max-snippet:-1","max-image-preview":"max-image-preview:large","max-video-preview":"max-video-preview:-1"},"canonical":"https:\/\/autogarajesmikel.com\/eu\/","og_locale":"en_US","og_type":"article","og_title":"Inicio - Autogarajes Mikel S.L.","og_description":"Taller de Autom\u00f3viles A\u00f1os + 0 Sobre Nosotros Empresa con un recorrido de m\u00e1s de 30 a\u00f1os de dedicaci\u00f3n al mundo de la reparaci\u00f3n mec\u00e1nica de veh\u00edculos y sustituci\u00f3n de neum\u00e1ticos, con un objetivo claro de que nuestros clientes queden totalmente satisfechos. Nuestro compromiso con la innovaci\u00f3n y la tecnolog\u00eda nos permite utilizar equipos modernos [&hellip;]","og_url":"https:\/\/autogarajesmikel.com\/eu\/","og_site_name":"Autogarajes Mikel S.L.","article_modified_time":"2025-02-24T15:03:51+00:00","twitter_card":"summary_large_image","twitter_misc":{"Est. reading time":"1 minutua"},"schema":{"@context":"https:\/\/schema.org","@graph":[{"@type":"WebPage","@id":"https:\/\/autogarajesmikel.com\/","url":"https:\/\/autogarajesmikel.com\/","name":"Inicio - Autogarajes Mikel S.L.","isPartOf":{"@id":"https:\/\/autogarajesmikel.com\/#website"},"datePublished":"2024-09-20T11:16:08+00:00","dateModified":"2025-02-24T15:03:51+00:00","breadcrumb":{"@id":"https:\/\/autogarajesmikel.com\/#breadcrumb"},"inLanguage":"eu","potentialAction":[{"@type":"ReadAction","target":["https:\/\/autogarajesmikel.com\/"]}]},{"@type":"BreadcrumbList","@id":"https:\/\/autogarajesmikel.com\/#breadcrumb","itemListElement":[{"@type":"ListItem","position":1,"name":"Portada","item":"https:\/\/autogarajesmikel.com\/"},{"@type":"ListItem","position":2,"name":"Inicio"}]},{"@type":"WebSite","@id":"https:\/\/autogarajesmikel.com\/#website","url":"https:\/\/autogarajesmikel.com\/","name":"Autogarajes Mikel S.L.","description":"REPARACION MECANICA Y SUSTITUCION DE NEUMATICOS","publisher":{"@id":"https:\/\/autogarajesmikel.com\/#organization"},"potentialAction":[{"@type":"SearchAction","target":{"@type":"EntryPoint","urlTemplate":"https:\/\/autogarajesmikel.com\/?s={search_term_string}"},"query-input":{"@type":"PropertyValueSpecification","valueRequired":true,"valueName":"search_term_string"}}],"inLanguage":"eu"},{"@type":"Organization","@id":"https:\/\/autogarajesmikel.com\/#organization","name":"Autogarajes Mikel S.L.","url":"https:\/\/autogarajesmikel.com\/","logo":{"@type":"ImageObject","inLanguage":"eu","@id":"https:\/\/autogarajesmikel.com\/#\/schema\/logo\/image\/","url":"https:\/\/autogarajesmikel.com\/wp-content\/uploads\/2025\/02\/cropped-Design-sem-nome.png","contentUrl":"https:\/\/autogarajesmikel.com\/wp-content\/uploads\/2025\/02\/cropped-Design-sem-nome.png","width":500,"height":211,"caption":"Autogarajes Mikel S.L."},"image":{"@id":"https:\/\/autogarajesmikel.com\/#\/schema\/logo\/image\/"}}]}},"_links":{"self":[{"href":"https:\/\/autogarajesmikel.com\/eu\/wp-json\/wp\/v2\/pages\/2","targetHints":{"allow":["GET"]}}],"collection":[{"href":"https:\/\/autogarajesmikel.com\/eu\/wp-json\/wp\/v2\/pages"}],"about":[{"href":"https:\/\/autogarajesmikel.com\/eu\/wp-json\/wp\/v2\/types\/page"}],"author":[{"embeddable":true,"href":"https:\/\/autogarajesmikel.com\/eu\/wp-json\/wp\/v2\/users\/4"}],"replies":[{"embeddable":true,"href":"https:\/\/autogarajesmikel.com\/eu\/wp-json\/wp\/v2\/comments?post=2"}],"version-history":[{"count":227,"href":"https:\/\/autogarajesmikel.com\/eu\/wp-json\/wp\/v2\/pages\/2\/revisions"}],"predecessor-version":[{"id":1025,"href":"https:\/\/autogarajesmikel.com\/eu\/wp-json\/wp\/v2\/pages\/2\/revisions\/1025"}],"wp:attachment":[{"href":"https:\/\/autogarajesmikel.com\/eu\/wp-json\/wp\/v2\/media?parent=2"}],"curies":[{"name":"wp","href":"https:\/\/api.w.org\/{rel}","templated":true}]}}